{"id":1771,"date":"2025-10-25T22:36:28","date_gmt":"2025-10-25T15:36:28","guid":{"rendered":"https:\/\/furnixfurniture.com\/?page_id=1771"},"modified":"2025-10-25T23:58:52","modified_gmt":"2025-10-25T16:58:52","slug":"product-loose-furniture-tv-carbinet","status":"publish","type":"page","link":"https:\/\/furnixfurniture.com\/?page_id=1771","title":{"rendered":"Product &#8211; Loose Furniture &#8211; TV Carbinet"},"content":{"rendered":"\t\t<div data-elementor-type=\"wp-page\" data-elementor-id=\"1771\" class=\"elementor elementor-1771\" data-elementor-post-type=\"page\">\n\t\t\t\t<div class=\"elementor-element elementor-element-390e6d5 e-con-full e-flex e-con e-parent\" data-id=\"390e6d5\" data-element_type=\"container\">\n\t\t\t\t<div class=\"elementor-element elementor-element-bf3f476 elementor-widget elementor-widget-html\" data-id=\"bf3f476\" data-element_type=\"widget\" data-widget_type=\"html.default\">\n\t\t\t\t\t<!-- FURNIX \u2013 TV Cabinet (Hinoki \u2022 Serene \u2022 Veloce) \u2014 Hero resized & text re-positioned like Sideboard -->\n<link href=\"https:\/\/fonts.googleapis.com\/css2?family=Inter:wght@400;600;700;800&family=Prompt:wght@300;400;500;600;700&display=swap\" rel=\"stylesheet\" \/>\n\n<section class=\"fnx-tv\" style=\"--ci:#7A4E39; --ci2:#A3765B; --bg:#000; --text:#fff; --muted:#cfcfcf; --hero:url('https:\/\/furnixfurniture.com\/wp-content\/uploads\/2025\/10\/hinoki-TV-Cabinet-1.png')\">\n\n  <!-- HERO (standardized) -->\n  <header class=\"fnx-hero\">\n    <div class=\"fnx-hero__overlay\"><\/div>\n    <div class=\"fnx-hero__light\"><\/div>\n    <div class=\"fnx-hero__inner\">\n      <div class=\"fx-eyebrow\">Loose Furniture<\/div>\n      <h1 class=\"fx-title\">TV Cabinet<\/h1>\n\n      <!-- Global product switch -->\n      <nav class=\"fx-switch\" aria-label=\"Product types\">\n        <ul>\n          <li><a href=\"https:\/\/furnixfurniture.com\/?page_id=1678\">Built-in Furniture<\/a><\/li>\n          <li><a href=\"https:\/\/furnixfurniture.com\/?page_id=1698\">Fit-In Furniture<\/a><\/li>\n          <li class=\"is-active\"><a href=\"https:\/\/furnixfurniture.com\/?page_id=1709\">Loose Furniture<\/a><\/li>\n        <\/ul>\n      <\/nav>\n\n      <!-- Category chips -->\n      <nav class=\"tv-quick\" aria-label=\"Loose categories\">\n        <a href=\"#\">Wardrobe<\/a>\n        <a href=\"https:\/\/furnixfurniture.com\/?page_id=1732\">Sideboard<\/a>\n        <a class=\"is-active\" href=\"https:\/\/furnixfurniture.com\/?page_id=1771\">TV Cabinet<\/a>\n        <a href=\"https:\/\/furnixfurniture.com\/?page_id=1809\">Shoes Cabinet<\/a>\n      <\/nav>\n\n      <p class=\"fx-sub\">\u0e15\u0e39\u0e49\u0e27\u0e32\u0e07\u0e17\u0e35\u0e27\u0e35\u0e14\u0e35\u0e44\u0e0b\u0e19\u0e4c\u0e1e\u0e23\u0e35\u0e40\u0e21\u0e35\u0e22\u0e21 \u0e1c\u0e25\u0e34\u0e15\u0e08\u0e32\u0e01\u0e42\u0e23\u0e07\u0e07\u0e32\u0e19 \u2014 \u0e40\u0e01\u0e47\u0e1a\u0e2a\u0e32\u0e22\u0e2a\u0e30\u0e2d\u0e32\u0e14 Soft-Close, \u0e1b\u0e23\u0e31\u0e1a\u0e2a\u0e40\u0e1b\u0e01\/\u0e2a\u0e35\u0e44\u0e14\u0e49<\/p>\n    <\/div>\n  <\/header>\n\n  <!-- ========== HINOKI COLLECTION ========== -->\n  <section class=\"tv-collection\">\n    <div class=\"tv-wrap\">\n      <aside class=\"tv-spec\">\n        <h2 class=\"tv-name\"><span>Hinoki<\/span> Collection<\/h2>\n        <div class=\"tv-type\">TV Cabinet<\/div>\n\n        <dl class=\"tv-info\">\n          <div><dt>Size :<\/dt><dd>1632 \u00d7 400 \u00d7 500 mm.<\/dd><\/div>\n          <div><dt>Material :<\/dt><dd>PB Boards, Melamine Finished<\/dd><\/div>\n          <div><dt>Fitting :<\/dt><dd>H\u00e4fele \u2013 Soft Close<\/dd><\/div>\n          <div class=\"tv-price\">\n            <dt>Price :<\/dt>\n            <dd><s>22,500 THB<\/s> <strong class=\"sp\">Special Price : 18,000 THB<\/strong><\/dd>\n          <\/div>\n          <div class=\"tv-colors\">\n            <dt>Alternative Color :<\/dt>\n            <dd>\n              <span class=\"sw\" style=\"--sw:#E3D7C4\" title=\"Light\"><\/span> Light\n              <span class=\"sw\" style=\"--sw:#6F6258\" title=\"Dark\"><\/span> Dark\n            <\/dd>\n          <\/div>\n        <\/dl>\n      <\/aside>\n\n      <div class=\"tv-gallery\">\n        <!-- radios -->\n        <input type=\"radio\" name=\"hinoki\" id=\"hn1\" checked>\n        <input type=\"radio\" name=\"hinoki\" id=\"hn2\">\n        <input type=\"radio\" name=\"hinoki\" id=\"hn3\">\n        <input type=\"radio\" name=\"hinoki\" id=\"hn4\">\n        <input type=\"radio\" name=\"hinoki\" id=\"hn5\">\n        <input type=\"radio\" name=\"hinoki\" id=\"hn6\">\n        <input type=\"radio\" name=\"hinoki\" id=\"hn7\">\n\n        <figure class=\"tv-stage hinoki\">\n          <img decoding=\"async\" src=\"https:\/\/furnixfurniture.com\/wp-content\/uploads\/2025\/10\/hinoki-TV-Cabinet-1.png\" alt=\"Hinoki TV Cabinet 1\">\n          <img decoding=\"async\" src=\"https:\/\/furnixfurniture.com\/wp-content\/uploads\/2025\/10\/hinoki-TV-Cabinet-2.png\" alt=\"Hinoki TV Cabinet 2\">\n          <img decoding=\"async\" src=\"https:\/\/furnixfurniture.com\/wp-content\/uploads\/2025\/10\/hinoki-TV-Cabinet-3.png\" alt=\"Hinoki TV Cabinet 3\">\n          <img decoding=\"async\" src=\"https:\/\/furnixfurniture.com\/wp-content\/uploads\/2025\/10\/hinoki-TV-Cabinet-4.png\" alt=\"Hinoki TV Cabinet 4\">\n          <img decoding=\"async\" src=\"https:\/\/furnixfurniture.com\/wp-content\/uploads\/2025\/10\/hinoki-TV-Cabinet-5.png\" alt=\"Hinoki TV Cabinet 5\">\n          <img decoding=\"async\" src=\"https:\/\/furnixfurniture.com\/wp-content\/uploads\/2025\/10\/hinoki-TV-Cabinet-6.png\" alt=\"Hinoki TV Cabinet 6\">\n          <img decoding=\"async\" src=\"https:\/\/furnixfurniture.com\/wp-content\/uploads\/2025\/10\/hinoki-TV-Cabinet-7.png\" alt=\"Hinoki TV Cabinet 7\">\n        <\/figure>\n\n        <div class=\"tv-thumbs\">\n          <label for=\"hn1\"><img decoding=\"async\" src=\"https:\/\/furnixfurniture.com\/wp-content\/uploads\/2025\/10\/hinoki-TV-Cabinet-1.png\" alt=\"\"><\/label>\n          <label for=\"hn2\"><img decoding=\"async\" src=\"https:\/\/furnixfurniture.com\/wp-content\/uploads\/2025\/10\/hinoki-TV-Cabinet-2.png\" alt=\"\"><\/label>\n          <label for=\"hn3\"><img decoding=\"async\" src=\"https:\/\/furnixfurniture.com\/wp-content\/uploads\/2025\/10\/hinoki-TV-Cabinet-3.png\" alt=\"\"><\/label>\n          <label for=\"hn4\"><img decoding=\"async\" src=\"https:\/\/furnixfurniture.com\/wp-content\/uploads\/2025\/10\/hinoki-TV-Cabinet-4.png\" alt=\"\"><\/label>\n          <label for=\"hn5\"><img decoding=\"async\" src=\"https:\/\/furnixfurniture.com\/wp-content\/uploads\/2025\/10\/hinoki-TV-Cabinet-5.png\" alt=\"\"><\/label>\n          <label for=\"hn6\"><img decoding=\"async\" src=\"https:\/\/furnixfurniture.com\/wp-content\/uploads\/2025\/10\/hinoki-TV-Cabinet-6.png\" alt=\"\"><\/label>\n          <label for=\"hn7\"><img decoding=\"async\" src=\"https:\/\/furnixfurniture.com\/wp-content\/uploads\/2025\/10\/hinoki-TV-Cabinet-7.png\" alt=\"\"><\/label>\n        <\/div>\n      <\/div>\n    <\/div>\n  <\/section>\n\n  <!-- ========== SERENE COLLECTION ========== -->\n  <section class=\"tv-collection\">\n    <div class=\"tv-wrap\">\n      <aside class=\"tv-spec\">\n        <h2 class=\"tv-name\"><span>Serene<\/span> Collection<\/h2>\n        <div class=\"tv-type\">TV Cabinet<\/div>\n\n        <dl class=\"tv-info\">\n          <div><dt>Size :<\/dt><dd>~1600 \u00d7 420 \u00d7 500 mm (\u0e1b\u0e23\u0e31\u0e1a\u0e44\u0e14\u0e49)<\/dd><\/div>\n          <div><dt>Material :<\/dt><dd>PB \/ MDF, Melamine Finished<\/dd><\/div>\n          <div><dt>Fitting :<\/dt><dd>Soft-Close Hardware<\/dd><\/div>\n          <div class=\"tv-price\">\n            <dt>Price :<\/dt><dd><strong class=\"sp\">\u0e01\u0e23\u0e38\u0e13\u0e32\u0e15\u0e34\u0e14\u0e15\u0e48\u0e2d\u0e40\u0e1e\u0e37\u0e48\u0e2d\u0e40\u0e2a\u0e19\u0e2d\u0e23\u0e32\u0e04\u0e32<\/strong><\/dd>\n          <\/div>\n          <div class=\"tv-colors\">\n            <dt>Alternative Color :<\/dt>\n            <dd>\n              <span class=\"sw\" style=\"--sw:#D9CFBE\" title=\"Beige\"><\/span> Beige\n              <span class=\"sw\" style=\"--sw:#BFC2C6\" title=\"Grey\"><\/span> Grey\n            <\/dd>\n          <\/div>\n        <\/dl>\n      <\/aside>\n\n      <div class=\"tv-gallery\">\n        <input type=\"radio\" name=\"serenetv\" id=\"st1\" checked>\n        <input type=\"radio\" name=\"serenetv\" id=\"st2\">\n        <input type=\"radio\" name=\"serenetv\" id=\"st3\">\n        <input type=\"radio\" name=\"serenetv\" id=\"st4\">\n        <input type=\"radio\" name=\"serenetv\" id=\"st5\">\n        <input type=\"radio\" name=\"serenetv\" id=\"st6\">\n        <input type=\"radio\" name=\"serenetv\" id=\"st7\">\n\n        <figure class=\"tv-stage serene\">\n          <img decoding=\"async\" src=\"https:\/\/furnixfurniture.com\/wp-content\/uploads\/2025\/10\/Serene-TV-Cabinet-1.jpg\" alt=\"Serene TV 1\">\n          <img decoding=\"async\" src=\"https:\/\/furnixfurniture.com\/wp-content\/uploads\/2025\/10\/Serene-TV-Cabinet-2.jpg\" alt=\"Serene TV 2\">\n          <img decoding=\"async\" src=\"https:\/\/furnixfurniture.com\/wp-content\/uploads\/2025\/10\/Serene-TV-Cabinet-3.jpg\" alt=\"Serene TV 3\">\n          <img decoding=\"async\" src=\"https:\/\/furnixfurniture.com\/wp-content\/uploads\/2025\/10\/Serene-TV-Cabinet-4.jpg\" alt=\"Serene TV 4\">\n          <img decoding=\"async\" src=\"https:\/\/furnixfurniture.com\/wp-content\/uploads\/2025\/10\/Serene-TV-Cabinet-5.jpg\" alt=\"Serene TV 5\">\n          <img decoding=\"async\" src=\"https:\/\/furnixfurniture.com\/wp-content\/uploads\/2025\/10\/Serene-TV-Cabinet-6.jpg\" alt=\"Serene TV 6\">\n          <img decoding=\"async\" src=\"https:\/\/furnixfurniture.com\/wp-content\/uploads\/2025\/10\/Serene-TV-Cabinet-7.jpg\" alt=\"Serene TV 7\">\n        <\/figure>\n\n        <div class=\"tv-thumbs\">\n          <label for=\"st1\"><img decoding=\"async\" src=\"https:\/\/furnixfurniture.com\/wp-content\/uploads\/2025\/10\/Serene-TV-Cabinet-1.jpg\" alt=\"\"><\/label>\n          <label for=\"st2\"><img decoding=\"async\" src=\"https:\/\/furnixfurniture.com\/wp-content\/uploads\/2025\/10\/Serene-TV-Cabinet-2.jpg\" alt=\"\"><\/label>\n          <label for=\"st3\"><img decoding=\"async\" src=\"https:\/\/furnixfurniture.com\/wp-content\/uploads\/2025\/10\/Serene-TV-Cabinet-3.jpg\" alt=\"\"><\/label>\n          <label for=\"st4\"><img decoding=\"async\" src=\"https:\/\/furnixfurniture.com\/wp-content\/uploads\/2025\/10\/Serene-TV-Cabinet-4.jpg\" alt=\"\"><\/label>\n          <label for=\"st5\"><img decoding=\"async\" src=\"https:\/\/furnixfurniture.com\/wp-content\/uploads\/2025\/10\/Serene-TV-Cabinet-5.jpg\" alt=\"\"><\/label>\n          <label for=\"st6\"><img decoding=\"async\" src=\"https:\/\/furnixfurniture.com\/wp-content\/uploads\/2025\/10\/Serene-TV-Cabinet-6.jpg\" alt=\"\"><\/label>\n          <label for=\"st7\"><img decoding=\"async\" src=\"https:\/\/furnixfurniture.com\/wp-content\/uploads\/2025\/10\/Serene-TV-Cabinet-7.jpg\" alt=\"\"><\/label>\n        <\/div>\n      <\/div>\n    <\/div>\n  <\/section>\n\n  <!-- ========== VELOCE COLLECTION ========== -->\n  <section class=\"tv-collection\">\n    <div class=\"tv-wrap\">\n      <aside class=\"tv-spec\">\n        <h2 class=\"tv-name\"><span>Veloce<\/span> Collection<\/h2>\n        <div class=\"tv-type\">TV Cabinet<\/div>\n\n        <dl class=\"tv-info\">\n          <div><dt>Size :<\/dt><dd>~1600 \u00d7 420 \u00d7 500 mm (\u0e1b\u0e23\u0e31\u0e1a\u0e44\u0e14\u0e49)<\/dd><\/div>\n          <div><dt>Material :<\/dt><dd>PB \/ MDF \u0e40\u0e01\u0e23\u0e14 E1, Melamine Finished<\/dd><\/div>\n          <div><dt>Fitting :<\/dt><dd>Soft-Close Hardware<\/dd><\/div>\n          <div class=\"tv-price\">\n            <dt>Price :<\/dt><dd><strong class=\"sp\">\u0e01\u0e23\u0e38\u0e13\u0e32\u0e15\u0e34\u0e14\u0e15\u0e48\u0e2d\u0e40\u0e1e\u0e37\u0e48\u0e2d\u0e40\u0e2a\u0e19\u0e2d\u0e23\u0e32\u0e04\u0e32<\/strong><\/dd>\n          <\/div>\n          <div class=\"tv-colors\">\n            <dt>Alternative Color :<\/dt>\n            <dd>\n              <span class=\"sw\" style=\"--sw:#C7B299\" title=\"Sand\"><\/span> Sand\n              <span class=\"sw\" style=\"--sw:#A3A7AD\" title=\"Ash Grey\"><\/span> Ash Grey\n            <\/dd>\n          <\/div>\n        <\/dl>\n      <\/aside>\n\n      <div class=\"tv-gallery\">\n        <input type=\"radio\" name=\"velocetv\" id=\"vt1\" checked>\n        <input type=\"radio\" name=\"velocetv\" id=\"vt2\">\n        <input type=\"radio\" name=\"velocetv\" id=\"vt3\">\n        <input type=\"radio\" name=\"velocetv\" id=\"vt4\">\n        <input type=\"radio\" name=\"velocetv\" id=\"vt5\">\n        <input type=\"radio\" name=\"velocetv\" id=\"vt6\">\n        <input type=\"radio\" name=\"velocetv\" id=\"vt7\">\n\n        <figure class=\"tv-stage veloce\">\n          <img decoding=\"async\" src=\"https:\/\/furnixfurniture.com\/wp-content\/uploads\/2025\/10\/Veloce-TV-Cabinet-1.png\" alt=\"Veloce TV 1\">\n          <img decoding=\"async\" src=\"https:\/\/furnixfurniture.com\/wp-content\/uploads\/2025\/10\/Veloce-TV-Cabinet-2.png\" alt=\"Veloce TV 2\">\n          <img decoding=\"async\" src=\"https:\/\/furnixfurniture.com\/wp-content\/uploads\/2025\/10\/Veloce-TV-Cabinet-3.png\" alt=\"Veloce TV 3\">\n          <img decoding=\"async\" src=\"https:\/\/furnixfurniture.com\/wp-content\/uploads\/2025\/10\/Veloce-TV-Cabinet-4.png\" alt=\"Veloce TV 4\">\n          <img decoding=\"async\" src=\"https:\/\/furnixfurniture.com\/wp-content\/uploads\/2025\/10\/Veloce-TV-Cabinet-5.png\" alt=\"Veloce TV 5\">\n          <img decoding=\"async\" src=\"https:\/\/furnixfurniture.com\/wp-content\/uploads\/2025\/10\/Veloce-TV-Cabinet-6.png\" alt=\"Veloce TV 6\">\n          <img decoding=\"async\" src=\"https:\/\/furnixfurniture.com\/wp-content\/uploads\/2025\/10\/Veloce-TV-Cabinet-7.png\" alt=\"Veloce TV 7\">\n        <\/figure>\n\n        <div class=\"tv-thumbs\">\n          <label for=\"vt1\"><img decoding=\"async\" src=\"https:\/\/furnixfurniture.com\/wp-content\/uploads\/2025\/10\/Veloce-TV-Cabinet-1.png\" alt=\"\"><\/label>\n          <label for=\"vt2\"><img decoding=\"async\" src=\"https:\/\/furnixfurniture.com\/wp-content\/uploads\/2025\/10\/Veloce-TV-Cabinet-2.png\" alt=\"\"><\/label>\n          <label for=\"vt3\"><img decoding=\"async\" src=\"https:\/\/furnixfurniture.com\/wp-content\/uploads\/2025\/10\/Veloce-TV-Cabinet-3.png\" alt=\"\"><\/label>\n          <label for=\"vt4\"><img decoding=\"async\" src=\"https:\/\/furnixfurniture.com\/wp-content\/uploads\/2025\/10\/Veloce-TV-Cabinet-4.png\" alt=\"\"><\/label>\n          <label for=\"vt5\"><img decoding=\"async\" src=\"https:\/\/furnixfurniture.com\/wp-content\/uploads\/2025\/10\/Veloce-TV-Cabinet-5.png\" alt=\"\"><\/label>\n          <label for=\"vt6\"><img decoding=\"async\" src=\"https:\/\/furnixfurniture.com\/wp-content\/uploads\/2025\/10\/Veloce-TV-Cabinet-6.png\" alt=\"\"><\/label>\n          <label for=\"vt7\"><img decoding=\"async\" src=\"https:\/\/furnixfurniture.com\/wp-content\/uploads\/2025\/10\/Veloce-TV-Cabinet-7.png\" alt=\"\"><\/label>\n        <\/div>\n      <\/div>\n    <\/div>\n  <\/section>\n\n  <!-- CTA -->\n  <section class=\"fx-cta\">\n    <div class=\"cta-inner\">\n      <h2>\u0e2d\u0e22\u0e32\u0e01\u0e1b\u0e23\u0e31\u0e1a\u0e02\u0e19\u0e32\u0e14\/\u0e2a\u0e35\u0e43\u0e2b\u0e49\u0e40\u0e02\u0e49\u0e32\u0e01\u0e31\u0e1a\u0e1e\u0e37\u0e49\u0e19\u0e17\u0e35\u0e48\u0e02\u0e2d\u0e07\u0e04\u0e38\u0e13?<\/h2>\n      <p>\u0e04\u0e38\u0e22\u0e01\u0e31\u0e1a\u0e14\u0e35\u0e44\u0e0b\u0e40\u0e19\u0e2d\u0e23\u0e4c Furnix \u0e40\u0e1e\u0e37\u0e48\u0e2d\u0e23\u0e31\u0e1a\u0e43\u0e1a\u0e40\u0e2a\u0e19\u0e2d\u0e23\u0e32\u0e04\u0e32\u0e40\u0e1a\u0e37\u0e49\u0e2d\u0e07\u0e15\u0e49\u0e19\u0e41\u0e25\u0e30\u0e04\u0e33\u0e41\u0e19\u0e30\u0e19\u0e33\u0e27\u0e31\u0e2a\u0e14\u0e38<\/p>\n      <a class=\"fx-btn fx-btn--primary\" href=\"\/contact\">\u0e15\u0e34\u0e14\u0e15\u0e48\u0e2d\u0e40\u0e23\u0e32<\/a>\n      <a class=\"fx-btn\" href=\"tel:0969163462\">\u0e42\u0e17\u0e23 096-916-3462<\/a>\n    <\/div>\n  <\/section>\n\n<\/section>\n\n<style>\n.fnx-tv{\n  color:var(--text); background:#000;\n  font-family:Inter, Prompt, system-ui,-apple-system, Segoe UI, Roboto,'Helvetica Neue','Noto Sans Thai',sans-serif;\n  \/* \u0e1b\u0e23\u0e31\u0e1a\u0e15\u0e32\u0e21\u0e04\u0e27\u0e32\u0e21\u0e2a\u0e39\u0e07\u0e02\u0e2d\u0e07 sticky header \u0e08\u0e23\u0e34\u0e07 *\/\n  --header-offset:120px;\n}\n\n\/* ===== HERO \u0e41\u0e1a\u0e1a\u0e40\u0e14\u0e35\u0e22\u0e27\u0e01\u0e31\u0e1a\u0e2b\u0e19\u0e49\u0e32 Sideboard\/Built-in ===== *\/\n.fnx-hero{\n  position:relative; isolation:isolate;\n  min-height:72vh;                          \/* baseline *\/\n  display:grid; place-items:center;\n  background:#000; background-image:var(--hero);\n  background-size:cover; background-position:50% 50%;\n}\n.fnx-hero__overlay{ position:absolute; inset:0; background:linear-gradient(180deg,rgba(0,0,0,.58),rgba(0,0,0,.58)); z-index:0 }\n.fnx-hero__light{\n  position:absolute; inset:-20%; filter:blur(40px); mix-blend-mode:screen; opacity:.85; z-index:0;\n  background:\n    radial-gradient(35% 28% at 80% 30%, color-mix(in oklab,var(--ci2) 45%, transparent), transparent 60%),\n    radial-gradient(42% 30% at 18% 25%, color-mix(in oklab,var(--ci) 55%, transparent), transparent 62%);\n}\n.fnx-hero__inner{ position:relative; z-index:1; width:min(1080px,92%); text-align:center; padding:clamp(32px,4vw,56px) 0 }\n.fx-eyebrow{ font-weight:700; font-size:12px; letter-spacing:.25em; text-transform:uppercase; color:rgba(255,255,255,.78); margin:0 0 10px }\n.fx-title{ font-weight:800; letter-spacing:-.01em; line-height:1.08; margin:0 auto; max-width:18ch; font-size:clamp(28px,5.2vw,56px) }\n.fx-sub{ font-family:Prompt; font-weight:300; color:rgba(255,255,255,.9); margin:12px auto 0; max-width:60ch }\n\n\/* Laptop\/MacBook safe spacing *\/\n@media (min-width:992px){\n  .fnx-hero{ min-height:115vh; background-position:50% 55%; }\n  .fnx-hero__inner{ padding-top:calc(140px + var(--header-offset)); padding-bottom:18vh; }\n}\n@media (min-width:1024px) and (max-width:1440px) and (max-height:900px){\n  .fnx-hero{ min-height:125vh; }\n  .fnx-hero__inner{ padding-top:calc(180px + var(--header-offset)); }\n}\n@media (min-width:768px) and (max-width:1024px){\n  .fnx-hero{ min-height:110vh; }\n  .fnx-hero__inner{ padding-top:160px; }\n}\n@media (max-width:767px){\n  .fnx-hero{ min-height:66vh; }\n}\n\n\/* ---------- Switch & chips (\u0e04\u0e07\u0e40\u0e14\u0e34\u0e21) ---------- *\/\n.fx-switch{ position:relative; margin:16px auto 10px; width:fit-content }\n.fx-switch ul{ list-style:none; padding:10px 16px; margin:0; display:flex; gap:14px;\n  background:rgba(0,0,0,.45); border:1px solid rgba(255,255,255,.16); border-radius:16px; backdrop-filter:blur(8px) }\n.fx-switch a{ display:block; padding:8px 12px; border-radius:10px; color:#fff; text-decoration:none; font-weight:600 }\n.fx-switch li.is-active a{ background:#fff; color:#000 }\n\n.tv-quick{ margin:8px auto 0; display:flex; flex-wrap:wrap; gap:8px; justify-content:center }\n.tv-quick a{ padding:8px 12px; border:1px solid rgba(255,255,255,.14); border-radius:999px; text-decoration:none; color:#fff; font-weight:600; font-size:14px; background:rgba(0,0,0,.35); backdrop-filter:blur(8px) }\n.tv-quick a.is-active{ background:#fff; color:#000 }\n\n\/* ---------- COLLECTIONS \/ SPECS \/ GALLERY (\u0e04\u0e07\u0e40\u0e14\u0e34\u0e21) ---------- *\/\n.tv-collection{ padding: clamp(36px,6vw,76px) 6vw; }\n.tv-wrap{ display:grid; gap:26px; grid-template-columns:1fr; max-width:1280px; margin:0 auto }\n@media(min-width:1000px){ .tv-wrap{ grid-template-columns:0.9fr 1.1fr } }\n\n.tv-spec{ background:rgba(255,255,255,.05); border:1px solid rgba(255,255,255,.12);\n  border-radius:20px; padding:22px; box-shadow:0 12px 28px rgba(0,0,0,.28) }\n.tv-name{ font-weight:800; letter-spacing:.16em; text-transform:uppercase; margin:0 0 2px; font-size:clamp(24px,4.6vw,48px) }\n.tv-name span{ letter-spacing:.08em }\n.tv-type{ font-weight:700; opacity:.9; margin:0 0 14px }\n.tv-info{ margin:0 }\n.tv-info > div{ display:flex; gap:10px; align-items:flex-start; margin:8px 0 }\n.tv-info dt{ min-width:120px; color:#fff; font-weight:800 }\n.tv-info dd{ margin:0; font-family:Prompt; font-weight:300; color:#eaeaea }\n.tv-price s{ opacity:.6 }\n.tv-price .sp{ display:block; color:#ffd28a; font-weight:800; margin-top:4px }\n.tv-colors .sw{ display:inline-block; width:16px; height:16px; border-radius:50%; background:var(--sw);\n  border:1px solid rgba(255,255,255,.4); margin:0 8px 0 14px; vertical-align:middle }\n\n.tv-gallery{ position:relative; background:rgba(255,255,255,.04); border:1px solid rgba(255,255,255,.12);\n  border-radius:20px; padding:16px; box-shadow:0 12px 28px rgba(0,0,0,.28) }\n.tv-gallery input{ position:absolute; left:-9999px }\n.tv-stage{ position:relative; overflow:hidden; border-radius:14px; aspect-ratio:16\/10; background:#111 }\n.tv-stage img{ position:absolute; inset:0; width:100%; height:100%; object-fit:cover; opacity:0; transition:opacity .25s ease }\n\n.hinoki img:nth-child(1),\n.serene img:nth-child(1),\n.veloce img:nth-child(1){ opacity:1 }\n#hn1:checked ~ .hinoki img:nth-child(1){opacity:1}\n#hn2:checked ~ .hinoki img:nth-child(2){opacity:1}\n#hn3:checked ~ .hinoki img:nth-child(3){opacity:1}\n#hn4:checked ~ .hinoki img:nth-child(4){opacity:1}\n#hn5:checked ~ .hinoki img:nth-child(5){opacity:1}\n#hn6:checked ~ .hinoki img:nth-child(6){opacity:1}\n#hn7:checked ~ .hinoki img:nth-child(7){opacity:1}\n#st1:checked ~ .serene img:nth-child(1){opacity:1}\n#st2:checked ~ .serene img:nth-child(2){opacity:1}\n#st3:checked ~ .serene img:nth-child(3){opacity:1}\n#st4:checked ~ .serene img:nth-child(4){opacity:1}\n#st5:checked ~ .serene img:nth-child(5){opacity:1}\n#st6:checked ~ .serene img:nth-child(6){opacity:1}\n#st7:checked ~ .serene img:nth-child(7){opacity:1}\n#vt1:checked ~ .veloce img:nth-child(1){opacity:1}\n#vt2:checked ~ .veloce img:nth-child(2){opacity:1}\n#vt3:checked ~ .veloce img:nth-child(3){opacity:1}\n#vt4:checked ~ .veloce img:nth-child(4){opacity:1}\n#vt5:checked ~ .veloce img:nth-child(5){opacity:1}\n#vt6:checked ~ .veloce img:nth-child(6){opacity:1}\n#vt7:checked ~ .veloce img:nth-child(7){opacity:1}\n\n.tv-thumbs{ display:grid; grid-template-columns:repeat(5,1fr); gap:10px; margin-top:12px }\n.tv-thumbs label{ display:block; border-radius:10px; overflow:hidden; border:1px solid rgba(255,255,255,.14); cursor:pointer; background:#111 }\n.tv-thumbs img{ width:100%; height:80px; object-fit:cover; display:block }\n@media(min-width:1000px){\n  .tv-collection:nth-of-type(2) .tv-thumbs{ grid-template-columns:repeat(7,1fr) }\n  .tv-collection:nth-of-type(3) .tv-thumbs{ grid-template-columns:repeat(7,1fr) }\n}\n\n\/* CTA *\/\n.fx-cta{ padding: clamp(56px,7.4vw,96px) 6vw; border-top:1px solid rgba(255,255,255,.06); background:#000 }\n.cta-inner{ max-width:980px; margin:0 auto; text-align:center }\n.fx-btn{ --padY:12px; --padX:20px; --radius:18px; display:inline-flex; align-items:center; justify-content:center; gap:8px;\n  padding:var(--padY) var(--padX); border-radius:var(--radius); font-family:Inter,sans-serif; font-weight:700; letter-spacing:.02em;\n  text-decoration:none; transition:.2s; color:#fff; border:1px solid rgba(255,255,255,.16); margin:6px }\n.fx-btn--primary{ background:linear-gradient(180deg, var(--ci), color-mix(in oklab, var(--ci) 85%, #000 15%));\n  box-shadow:0 8px 28px rgba(122,78,57,.35), inset 0 0 0 1px rgba(255,255,255,.08) }\n.fx-btn--primary:hover{ transform:translateY(-1px) }\n\n@media(prefers-reduced-motion:reduce){ *{ transition:none!important } }\n<\/style>\n\t\t\t\t<\/div>\n\t\t\t\t<\/div>\n\t\t\t\t<\/div>\n\t\t","protected":false},"excerpt":{"rendered":"<p>Loose Furniture TV Cabinet Built-in Furniture Fit-In Furniture Loose Furniture Wardrobe Sideboard TV Cabinet Shoes Cabinet \u0e15\u0e39\u0e49\u0e27\u0e32\u0e07\u0e17\u0e35\u0e27\u0e35\u0e14\u0e35\u0e44\u0e0b\u0e19\u0e4c\u0e1e\u0e23\u0e35\u0e40\u0e21\u0e35\u0e22\u0e21 \u0e1c\u0e25\u0e34\u0e15\u0e08\u0e32\u0e01\u0e42\u0e23\u0e07\u0e07\u0e32\u0e19 \u2014 \u0e40\u0e01\u0e47\u0e1a\u0e2a\u0e32\u0e22\u0e2a\u0e30\u0e2d\u0e32\u0e14 Soft-Close, \u0e1b\u0e23\u0e31\u0e1a\u0e2a\u0e40\u0e1b\u0e01\/\u0e2a\u0e35\u0e44\u0e14\u0e49 Hinoki Collection TV Cabinet Size : 1632 \u00d7 400 \u00d7 500 mm. Material : PB Boards, Melamine Finished Fitting : H\u00e4fele \u2013 Soft Close Price : 22,500 THB Special Price : 18,000 THB [&hellip;]<\/p>\n","protected":false},"author":1,"featured_media":0,"parent":0,"menu_order":0,"comment_status":"closed","ping_status":"closed","template":"","meta":{"footnotes":""},"class_list":["post-1771","page","type-page","status-publish","hentry"],"_links":{"self":[{"href":"https:\/\/furnixfurniture.com\/index.php?rest_route=\/wp\/v2\/pages\/1771","targetHints":{"allow":["GET"]}}],"collection":[{"href":"https:\/\/furnixfurniture.com\/index.php?rest_route=\/wp\/v2\/pages"}],"about":[{"href":"https:\/\/furnixfurniture.com\/index.php?rest_route=\/wp\/v2\/types\/page"}],"author":[{"embeddable":true,"href":"https:\/\/furnixfurniture.com\/index.php?rest_route=\/wp\/v2\/users\/1"}],"replies":[{"embeddable":true,"href":"https:\/\/furnixfurniture.com\/index.php?rest_route=%2Fwp%2Fv2%2Fcomments&post=1771"}],"version-history":[{"count":11,"href":"https:\/\/furnixfurniture.com\/index.php?rest_route=\/wp\/v2\/pages\/1771\/revisions"}],"predecessor-version":[{"id":1864,"href":"https:\/\/furnixfurniture.com\/index.php?rest_route=\/wp\/v2\/pages\/1771\/revisions\/1864"}],"wp:attachment":[{"href":"https:\/\/furnixfurniture.com\/index.php?rest_route=%2Fwp%2Fv2%2Fmedia&parent=1771"}],"curies":[{"name":"wp","href":"https:\/\/api.w.org\/{rel}","templated":true}]}}